{"id":165,"date":"2021-01-28T00:51:59","date_gmt":"2021-01-28T00:51:59","guid":{"rendered":"http:\/\/robokings.de\/?page_id=165"},"modified":"2021-02-04T06:50:43","modified_gmt":"2021-02-04T06:50:43","slug":"fll-d-a-ch-discord-server","status":"publish","type":"page","link":"https:\/\/robokings.de\/?page_id=165","title":{"rendered":"FLL\u2013D-A-CH\u2013DISCORDSERVER"},"content":{"rendered":"\n<div style=\"height:30px\" aria-hidden=\"true\" class=\"wp-block-spacer\"><\/div>\n\n\n\n<blockquote class=\"wp-block-quote\"><p><strong>Die FLL inspiriert uns<\/strong> in jeder Saison neue <strong>Talente<\/strong> <strong>zu<\/strong> <strong>entdecken<\/strong> <strong>und<\/strong> <strong>Ideen<\/strong> <strong>zu<\/strong> <strong>verfolgen<\/strong>.<\/p><p>Die Herausforderung der Corona Lockdowns hat uns besonders motiviert <strong>kreativ<\/strong> <strong>und<\/strong> <strong>ausdauernd<\/strong> <strong>innovative<\/strong> <strong>Probleml\u00f6sungen<\/strong> <strong>zu<\/strong> <strong>finden<\/strong>.<\/p><p>Weil wir geh\u00f6rt haben, dass in dieser Saison einige FLL Teams Probleme haben, m\u00f6chten wir mit allen <strong>teilen was wir gelernt haben<\/strong>.<\/p><p>Wenn <strong>alle<\/strong> das machen, gewinnen wir gegen Corona und <strong>haben dabei Spa\u00df!<\/strong><\/p><cite>RoboKings &#8211; Adolf-Reichwein-Schule Langen (Hessen)<\/cite><\/blockquote>\n\n\n\n<div style=\"height:31px\" aria-hidden=\"true\" class=\"wp-block-spacer\"><\/div>\n\n\n\n<p>Seit dem ersten Lockdown im M\u00e4rz 2020 arbeiten wir \u00fcber einen Discord Server &#8222;virtuell&#8220; zusammen. <\/p>\n\n\n\n<p>Die Hypothese ist, &#8222;Wenn dies unserem Team beim &#8222;virtuellen&#8220; Arbeit hilft, dann kann solch ein Server den FLL Teams in Deutschland, \u00d6sterreich und Schweiz ebenfalls bei der gegenseitigen Unterst\u00fctzung helfen.&#8220;<\/p>\n\n\n\n<p><strong>Der Link zum FLL DACH Discord Server ist:<\/strong> <a href=\"https:\/\/discord.gg\/2Q3q5ybnSh\">https:\/\/discord.gg\/2Q3q5ybnSh<\/a><\/p>\n\n\n\n<figure class=\"wp-block-embed is-type-video is-provider-youtube wp-block-embed-youtube wp-embed-aspect-16-9 wp-has-aspect-ratio\"><div class=\"wp-block-embed__wrapper\">\n<iframe loading=\"lazy\" title=\"So funktioniert Discord! :)\" width=\"740\" height=\"416\" src=\"https:\/\/www.youtube.com\/embed\/9CEbHIr1TEo?feature=oembed\" frameborder=\"0\" allow=\"accelerometer; autoplay; clipboard-write; encrypted-media; gyroscope; picture-in-picture\" allowfullscreen><\/iframe>\n<\/div><\/figure>\n\n\n\n<p>Und so funktioniert es.<\/p>\n\n\n\n<p><strong>1:<\/strong> Gib in Deinem Internet Browser den Link ein &#8230;<\/p>\n\n\n\n<figure class=\"wp-block-image size-large\"><img loading=\"lazy\" width=\"854\" height=\"261\" src=\"https:\/\/robokings.de\/wp-content\/uploads\/2021\/01\/image-3.png\" alt=\"\" class=\"wp-image-170\" srcset=\"https:\/\/robokings.de\/wp-content\/uploads\/2021\/01\/image-3.png 854w, https:\/\/robokings.de\/wp-content\/uploads\/2021\/01\/image-3-300x92.png 300w, https:\/\/robokings.de\/wp-content\/uploads\/2021\/01\/image-3-768x235.png 768w\" sizes=\"(max-width: 854px) 100vw, 854px\" \/><figcaption>Link im Internet Browser eingeben<\/figcaption><\/figure>\n\n\n\n<p><strong>2: A)<\/strong> Falls Du bereits Discord nutzt und die Discord APP installiert hast wirst dann direkt zum Server geleitet.<\/p>\n\n\n\n<figure class=\"wp-block-image size-large\"><img loading=\"lazy\" width=\"846\" height=\"479\" src=\"https:\/\/robokings.de\/wp-content\/uploads\/2021\/01\/image-4.png\" alt=\"\" class=\"wp-image-172\" srcset=\"https:\/\/robokings.de\/wp-content\/uploads\/2021\/01\/image-4.png 846w, https:\/\/robokings.de\/wp-content\/uploads\/2021\/01\/image-4-300x170.png 300w, https:\/\/robokings.de\/wp-content\/uploads\/2021\/01\/image-4-768x435.png 768w\" sizes=\"(max-width: 846px) 100vw, 846px\" \/><\/figure>\n\n\n\n<p><strong>2: B)<\/strong> Falls Du noch keinen Discord Account hast, kannst Du Dich registrieren und einen Account anlegen.<\/p>\n\n\n\n<figure class=\"wp-block-image size-large\"><img loading=\"lazy\" width=\"1024\" height=\"626\" src=\"https:\/\/robokings.de\/wp-content\/uploads\/2021\/01\/image-5-1024x626.png\" alt=\"\" class=\"wp-image-174\" srcset=\"https:\/\/robokings.de\/wp-content\/uploads\/2021\/01\/image-5-1024x626.png 1024w, https:\/\/robokings.de\/wp-content\/uploads\/2021\/01\/image-5-300x183.png 300w, https:\/\/robokings.de\/wp-content\/uploads\/2021\/01\/image-5-768x470.png 768w, https:\/\/robokings.de\/wp-content\/uploads\/2021\/01\/image-5-1536x939.png 1536w, https:\/\/robokings.de\/wp-content\/uploads\/2021\/01\/image-5.png 1704w\" sizes=\"(max-width: 1024px) 100vw, 1024px\" \/><\/figure>\n\n\n\n<p><strong>3:<\/strong> Diese Informationen ben\u00f6tig man f\u00fcr einen Account bei Discord:<\/p>\n\n\n\n<p>Dein Geburtstag wird ben\u00f6tigt, weil es je Land unterschiedliche Altersempfehlungen gibt. Z.B. in \u00d6sterreich 14 Jahre und in Deutschland 16 Jahre.<\/p>\n\n\n\n<p>Wie bei jedem Discord Server haben wir Regeln f\u00fcr die Nutzung aufgestellt. Wer sich nicht an die Regeln h\u00e4lt wird ausgeschlossen. Aus diesem Grund solltest Du hier sicher sein. Sprich nat\u00fcrlich noch mit Deinen Eltern und legt Deinen Discord Account gemeinsam an.<\/p>\n\n\n\n<figure class=\"wp-block-image size-large\"><img loading=\"lazy\" width=\"1024\" height=\"619\" src=\"https:\/\/robokings.de\/wp-content\/uploads\/2021\/01\/image-20-1024x619.png\" alt=\"\" class=\"wp-image-192\" srcset=\"https:\/\/robokings.de\/wp-content\/uploads\/2021\/01\/image-20-1024x619.png 1024w, https:\/\/robokings.de\/wp-content\/uploads\/2021\/01\/image-20-300x181.png 300w, https:\/\/robokings.de\/wp-content\/uploads\/2021\/01\/image-20-768x464.png 768w, https:\/\/robokings.de\/wp-content\/uploads\/2021\/01\/image-20.png 1192w\" sizes=\"(max-width: 1024px) 100vw, 1024px\" \/><figcaption>Discord Account anlegen<\/figcaption><\/figure>\n\n\n\n<p><strong>4:<\/strong> Bei der Erstellung des Discord Account musst Du eventuell noch beweisen, dass Du kein Bot oder Roboter bist. (Nicht FLL Roboter sondern Software Roboter \ud83d\ude09 <\/p>\n\n\n\n<figure class=\"wp-block-image size-large\"><img loading=\"lazy\" width=\"1024\" height=\"632\" src=\"https:\/\/robokings.de\/wp-content\/uploads\/2021\/01\/image-8-1024x632.png\" alt=\"\" class=\"wp-image-178\" srcset=\"https:\/\/robokings.de\/wp-content\/uploads\/2021\/01\/image-8-1024x632.png 1024w, https:\/\/robokings.de\/wp-content\/uploads\/2021\/01\/image-8-300x185.png 300w, https:\/\/robokings.de\/wp-content\/uploads\/2021\/01\/image-8-768x474.png 768w, https:\/\/robokings.de\/wp-content\/uploads\/2021\/01\/image-8-1536x949.png 1536w, https:\/\/robokings.de\/wp-content\/uploads\/2021\/01\/image-8.png 1710w\" sizes=\"(max-width: 1024px) 100vw, 1024px\" \/><\/figure>\n\n\n\n<p><strong>5: A)<\/strong> Die von Dir angegebene E-Mail Adresse wird dann noch gepr\u00fcft.<\/p>\n\n\n\n<figure class=\"wp-block-image size-large\"><img loading=\"lazy\" width=\"1024\" height=\"632\" src=\"https:\/\/robokings.de\/wp-content\/uploads\/2021\/01\/image-9-1024x632.png\" alt=\"\" class=\"wp-image-179\" srcset=\"https:\/\/robokings.de\/wp-content\/uploads\/2021\/01\/image-9-1024x632.png 1024w, https:\/\/robokings.de\/wp-content\/uploads\/2021\/01\/image-9-300x185.png 300w, https:\/\/robokings.de\/wp-content\/uploads\/2021\/01\/image-9-768x474.png 768w, https:\/\/robokings.de\/wp-content\/uploads\/2021\/01\/image-9-1536x948.png 1536w, https:\/\/robokings.de\/wp-content\/uploads\/2021\/01\/image-9.png 1698w\" sizes=\"(max-width: 1024px) 100vw, 1024px\" \/><\/figure>\n\n\n\n<p><strong>5: B)<\/strong> Falls die von Dir angegebene E-Mail Adresse existiert, erh\u00e4ltst Du eine Email zur Best\u00e4tigung.<\/p>\n\n\n\n<figure class=\"wp-block-image size-large\"><img loading=\"lazy\" width=\"1024\" height=\"637\" src=\"https:\/\/robokings.de\/wp-content\/uploads\/2021\/01\/image-10-1024x637.png\" alt=\"\" class=\"wp-image-181\" srcset=\"https:\/\/robokings.de\/wp-content\/uploads\/2021\/01\/image-10-1024x637.png 1024w, https:\/\/robokings.de\/wp-content\/uploads\/2021\/01\/image-10-300x187.png 300w, https:\/\/robokings.de\/wp-content\/uploads\/2021\/01\/image-10-768x478.png 768w, https:\/\/robokings.de\/wp-content\/uploads\/2021\/01\/image-10-1536x955.png 1536w, https:\/\/robokings.de\/wp-content\/uploads\/2021\/01\/image-10.png 1692w\" sizes=\"(max-width: 1024px) 100vw, 1024px\" \/><\/figure>\n\n\n\n<p><strong>6<\/strong>: <strong>Trete dem Discord Server bei<\/strong>.<br>Vorschl\u00e4ge f\u00fcr ein passenderes &#8222;FLL D-A-CH Server&#8220; Icon sind sehr willkommen.<\/p>\n\n\n\n<figure class=\"wp-block-image size-large\"><img loading=\"lazy\" width=\"820\" height=\"892\" src=\"https:\/\/robokings.de\/wp-content\/uploads\/2021\/01\/image-11.png\" alt=\"\" class=\"wp-image-183\" srcset=\"https:\/\/robokings.de\/wp-content\/uploads\/2021\/01\/image-11.png 820w, https:\/\/robokings.de\/wp-content\/uploads\/2021\/01\/image-11-276x300.png 276w, https:\/\/robokings.de\/wp-content\/uploads\/2021\/01\/image-11-768x835.png 768w\" sizes=\"(max-width: 820px) 100vw, 820px\" \/><figcaption>Dem Discord Server beitreten<\/figcaption><\/figure>\n\n\n\n<p>7: Den <strong>Discord Server<\/strong> erreichst Du unter dem folgenden Link entweder in dem Du Dir die Discord APP installierst oder \u00fcber Deinen Internet Browser: <a href=\"https:\/\/discord.gg\/2Q3q5ybnSh\">https:\/\/discord.gg\/2Q3q5ybnSh<\/a><\/p>\n\n\n\n<p>8: Im Discord Server erstellt Du Dir am Anfang Deine \u201e<strong>Rolle<\/strong>\u201c aus den folgenden Bereichen zusammen:<\/p>\n\n\n\n<ol type=\"a\"><li>Land<\/li><li>Regionalwettbewerb<\/li><li>Was man im Team macht<\/li><\/ol>\n\n\n\n<figure class=\"wp-block-image size-large\"><img loading=\"lazy\" width=\"1024\" height=\"626\" src=\"https:\/\/robokings.de\/wp-content\/uploads\/2021\/01\/image-12-1024x626.png\" alt=\"\" class=\"wp-image-184\" srcset=\"https:\/\/robokings.de\/wp-content\/uploads\/2021\/01\/image-12-1024x626.png 1024w, https:\/\/robokings.de\/wp-content\/uploads\/2021\/01\/image-12-300x183.png 300w, https:\/\/robokings.de\/wp-content\/uploads\/2021\/01\/image-12-768x470.png 768w, https:\/\/robokings.de\/wp-content\/uploads\/2021\/01\/image-12-1536x940.png 1536w, https:\/\/robokings.de\/wp-content\/uploads\/2021\/01\/image-12.png 1818w\" sizes=\"(max-width: 1024px) 100vw, 1024px\" \/><figcaption>FLL D-A-CH Discord Server<\/figcaption><\/figure>\n\n\n\n<p><strong>8: A)<\/strong> <strong>W\u00e4hle das Land aus, aus dem Dein Team kommt.<\/strong><br>(Flaggen in der Zeile mit der roten Umrandung anklicken).<\/p>\n\n\n\n<figure class=\"wp-block-image size-large\"><img loading=\"lazy\" width=\"634\" height=\"404\" src=\"https:\/\/robokings.de\/wp-content\/uploads\/2021\/01\/image-13.png\" alt=\"\" class=\"wp-image-185\" srcset=\"https:\/\/robokings.de\/wp-content\/uploads\/2021\/01\/image-13.png 634w, https:\/\/robokings.de\/wp-content\/uploads\/2021\/01\/image-13-300x191.png 300w\" sizes=\"(max-width: 634px) 100vw, 634px\" \/><figcaption>Land ausw\u00e4hlen<\/figcaption><\/figure>\n\n\n\n<p><strong>8: B)<\/strong> R<strong>egionalwettbewerb ausw\u00e4hlen<\/strong> in dem man die Zahl in der Zeile mit dem roten Rand anklickt. <br>Wir haben alle Wettbewerbe in Bl\u00f6cken von 10 angelegt. Scrollt einfach durch bis ihr euren gefunden habt.<\/p>\n\n\n\n<figure class=\"wp-block-image size-large is-resized\"><img loading=\"lazy\" src=\"https:\/\/robokings.de\/wp-content\/uploads\/2021\/01\/image-14-1024x605.png\" alt=\"\" class=\"wp-image-186\" width=\"582\" height=\"343\" srcset=\"https:\/\/robokings.de\/wp-content\/uploads\/2021\/01\/image-14-1024x605.png 1024w, https:\/\/robokings.de\/wp-content\/uploads\/2021\/01\/image-14-300x177.png 300w, https:\/\/robokings.de\/wp-content\/uploads\/2021\/01\/image-14-768x454.png 768w, https:\/\/robokings.de\/wp-content\/uploads\/2021\/01\/image-14.png 1046w\" sizes=\"(max-width: 582px) 100vw, 582px\" \/><figcaption>Regionalwettbewerb ausw\u00e4hlen<\/figcaption><\/figure>\n\n\n\n<p><strong>8: C)<\/strong> <strong>Rolle im Team ausw\u00e4hlen<\/strong>.<br>Mehrere Rollen sind nat\u00fcrlich m\u00f6glich.<\/p>\n\n\n\n<figure class=\"wp-block-image size-large\"><img loading=\"lazy\" width=\"714\" height=\"367\" src=\"https:\/\/robokings.de\/wp-content\/uploads\/2021\/01\/image-15.png\" alt=\"\" class=\"wp-image-187\" srcset=\"https:\/\/robokings.de\/wp-content\/uploads\/2021\/01\/image-15.png 714w, https:\/\/robokings.de\/wp-content\/uploads\/2021\/01\/image-15-300x154.png 300w\" sizes=\"(max-width: 714px) 100vw, 714px\" \/><figcaption>Rolle im Team ausw\u00e4hlen<\/figcaption><\/figure>\n\n\n\n<p><strong>9<\/strong>: <strong>Nickname <\/strong>einstellen: Vorname und Team.<br>Oben links im Discord Fenster.<\/p>\n\n\n\n<figure class=\"wp-block-image size-large\"><img loading=\"lazy\" width=\"752\" height=\"638\" src=\"https:\/\/robokings.de\/wp-content\/uploads\/2021\/01\/image-16.png\" alt=\"\" class=\"wp-image-188\" srcset=\"https:\/\/robokings.de\/wp-content\/uploads\/2021\/01\/image-16.png 752w, https:\/\/robokings.de\/wp-content\/uploads\/2021\/01\/image-16-300x255.png 300w\" sizes=\"(max-width: 752px) 100vw, 752px\" \/><\/figure>\n\n\n\n<p><strong>10<\/strong>: So sieht Euer Profil dann nach den Einstellungen bei 8: und 9: aus.<\/p>\n\n\n\n<figure class=\"wp-block-image size-large\"><img loading=\"lazy\" width=\"480\" height=\"820\" src=\"https:\/\/robokings.de\/wp-content\/uploads\/2021\/01\/image-17.png\" alt=\"\" class=\"wp-image-189\" srcset=\"https:\/\/robokings.de\/wp-content\/uploads\/2021\/01\/image-17.png 480w, https:\/\/robokings.de\/wp-content\/uploads\/2021\/01\/image-17-176x300.png 176w\" sizes=\"(max-width: 480px) 100vw, 480px\" \/><\/figure>\n\n\n\n<p><strong>11<\/strong>: Im Discord Server haben wir Kan\u00e4le f\u00fcr \u201e<strong>generelle Informationen<\/strong>\u201c, \u201e<strong>RoboterGame<\/strong>\u201c, \u201e<strong>Roboterdesign<\/strong>\u201c, \u201e<strong>Forschung<\/strong>\u201c, \u201e<strong>Grundwerte<\/strong>\u201c, \u201e<strong>Coaches<\/strong>\u201c und \u201e<strong>Support<\/strong>\u201c angelegt.<\/p>\n\n\n\n<figure class=\"wp-block-image size-large\"><img loading=\"lazy\" width=\"439\" height=\"1024\" src=\"https:\/\/robokings.de\/wp-content\/uploads\/2021\/01\/image-18-439x1024.png\" alt=\"\" class=\"wp-image-190\" srcset=\"https:\/\/robokings.de\/wp-content\/uploads\/2021\/01\/image-18-439x1024.png 439w, https:\/\/robokings.de\/wp-content\/uploads\/2021\/01\/image-18-129x300.png 129w, https:\/\/robokings.de\/wp-content\/uploads\/2021\/01\/image-18.png 508w\" sizes=\"(max-width: 439px) 100vw, 439px\" \/><\/figure>\n\n\n\n<p><strong>12<\/strong>: Weil wir die n\u00e4chsten Wochen im Home Schooling sind, werden wir die ganze Zeit online sein, um Euch zu helfen. Bei Fragen schickt uns eine <a href=\"mailto:kontakt@robokings.de\" data-type=\"mailto\" data-id=\"mailto:kontakt@robokings.de\"><span class=\"has-inline-color has-vivid-cyan-blue-color\">Email<\/span><\/a>. Einfach <a href=\"mailto:kontakt@robokings.de\" data-type=\"mailto\" data-id=\"mailto:kontakt@robokings.de\"><span class=\"has-inline-color has-vivid-cyan-blue-color\">hier<\/span><\/a> klicken.<\/p>\n\n\n\n<p>Probiert es einfach selbst aus. Viel Spa\u00df!<\/p>\n","protected":false},"excerpt":{"rendered":"<p>Die FLL inspiriert uns in jeder Saison neue Talente zu entdecken und Ideen zu verfolgen. Die Herausforderung der Corona Lockdowns hat uns besonders motiviert kreativ und ausdauernd innovative Probleml\u00f6sungen zu finden. Weil wir geh\u00f6rt haben, dass in dieser Saison einige FLL Teams Probleme haben, m\u00f6chten wir mit allen teilen was wir gelernt haben. Wenn alle [&hellip;]<\/p>\n","protected":false},"author":1,"featured_media":203,"parent":0,"menu_order":0,"comment_status":"closed","ping_status":"closed","template":"","meta":[],"_links":{"self":[{"href":"https:\/\/robokings.de\/index.php?rest_route=\/wp\/v2\/pages\/165"}],"collection":[{"href":"https:\/\/robokings.de\/index.php?rest_route=\/wp\/v2\/pages"}],"about":[{"href":"https:\/\/robokings.de\/index.php?rest_route=\/wp\/v2\/types\/page"}],"author":[{"embeddable":true,"href":"https:\/\/robokings.de\/index.php?rest_route=\/wp\/v2\/users\/1"}],"replies":[{"embeddable":true,"href":"https:\/\/robokings.de\/index.php?rest_route=%2Fwp%2Fv2%2Fcomments&post=165"}],"version-history":[{"count":16,"href":"https:\/\/robokings.de\/index.php?rest_route=\/wp\/v2\/pages\/165\/revisions"}],"predecessor-version":[{"id":273,"href":"https:\/\/robokings.de\/index.php?rest_route=\/wp\/v2\/pages\/165\/revisions\/273"}],"wp:featuredmedia":[{"embeddable":true,"href":"https:\/\/robokings.de\/index.php?rest_route=\/wp\/v2\/media\/203"}],"wp:attachment":[{"href":"https:\/\/robokings.de\/index.php?rest_route=%2Fwp%2Fv2%2Fmedia&parent=165"}],"curies":[{"name":"wp","href":"https:\/\/api.w.org\/{rel}","templated":true}]}}