{"id":285,"date":"2021-11-21T17:58:34","date_gmt":"2021-11-21T17:58:34","guid":{"rendered":"https:\/\/robokings.de\/?page_id=285"},"modified":"2022-03-12T22:35:42","modified_gmt":"2022-03-12T22:35:42","slug":"projekte","status":"publish","type":"page","link":"https:\/\/robokings.de\/?page_id=285","title":{"rendered":"Projekte"},"content":{"rendered":"\n<p style=\"font-size:24px\"><strong>Forschung 2.0 (Pilot)<\/strong><\/p>\n\n\n\n<p><strong>Ziel<\/strong>: Unterst\u00fctzung von FLL Teams zur Weiterentwicklung ihrer Forschungsprojekte \u00fcber den FLL Wettbewerb hinaus.<\/p>\n\n\n\n<p style=\"font-size:24px\"><strong>Stadtm\u00f6bel f\u00fcr den Platz der deutschen Einheit in Langen(Hessen) <\/strong><\/p>\n\n\n\n<p><strong>Ziel<\/strong>: Weiterentwicklung unseres Forschungsprojekt der Saison 2019-2020.<br>Die Herausforderungen in diesem Projekt f\u00fchrten zur Idee des Projekts &#8222;Forschung 2.0&#8220;.<\/p>\n\n\n\n<p><\/p>\n","protected":false},"excerpt":{"rendered":"<p>Forschung 2.0 (Pilot) Ziel: Unterst\u00fctzung von FLL Teams zur Weiterentwicklung ihrer Forschungsprojekte \u00fcber den FLL Wettbewerb hinaus. Stadtm\u00f6bel f\u00fcr den Platz der deutschen Einheit in Langen(Hessen) Ziel: Weiterentwicklung unseres Forschungsprojekt der Saison 2019-2020.Die Herausforderungen in diesem Projekt f\u00fchrten zur Idee des Projekts &#8222;Forschung 2.0&#8220;.<\/p>\n","protected":false},"author":1,"featured_media":0,"parent":0,"menu_order":0,"comment_status":"closed","ping_status":"closed","template":"","meta":[],"_links":{"self":[{"href":"https:\/\/robokings.de\/index.php?rest_route=\/wp\/v2\/pages\/285"}],"collection":[{"href":"https:\/\/robokings.de\/index.php?rest_route=\/wp\/v2\/pages"}],"about":[{"href":"https:\/\/robokings.de\/index.php?rest_route=\/wp\/v2\/types\/page"}],"author":[{"embeddable":true,"href":"https:\/\/robokings.de\/index.php?rest_route=\/wp\/v2\/users\/1"}],"replies":[{"embeddable":true,"href":"https:\/\/robokings.de\/index.php?rest_route=%2Fwp%2Fv2%2Fcomments&post=285"}],"version-history":[{"count":4,"href":"https:\/\/robokings.de\/index.php?rest_route=\/wp\/v2\/pages\/285\/revisions"}],"predecessor-version":[{"id":331,"href":"https:\/\/robokings.de\/index.php?rest_route=\/wp\/v2\/pages\/285\/revisions\/331"}],"wp:attachment":[{"href":"https:\/\/robokings.de\/index.php?rest_route=%2Fwp%2Fv2%2Fmedia&parent=285"}],"curies":[{"name":"wp","href":"https:\/\/api.w.org\/{rel}","templated":true}]}}